{"id":191,"date":"2023-04-11T05:49:12","date_gmt":"2023-04-11T03:49:12","guid":{"rendered":"https:\/\/jaana-creative.com\/?page_id=191"},"modified":"2023-04-11T05:49:13","modified_gmt":"2023-04-11T03:49:13","slug":"creation-graphique","status":"publish","type":"page","link":"https:\/\/jaana-creative.com\/index.php\/fr\/creation-graphique\/","title":{"rendered":"Cr\u00e9ation graphique"},"content":{"rendered":"\n<p>Mes services de cr\u00e9ation graphiquec s&rsquo;adaptent toujours aux besoins de mes clients. \u00c0 travers les ann\u00e9es j&rsquo;ai cr\u00e9e des mises en pages pour livres, des logos, des supports publicitaires et bien d&rsquo;autres cr\u00e9ations. \u00c0 savoir que je propose des services d&rsquo;illustration aussi.<\/p>\n\n\n\n<p>Avec plaisir je ferais un devis gratuit et sans engagement pour votre projet &#8211; il vous suffit de m&rsquo;envoyer un mail \u00e0 creative.jaana@gmail.com .<\/p>\n\n\n\n<figure class=\"wp-block-gallery has-nested-images columns-default is-cropped wp-block-gallery-1 is-layout-flex wp-block-gallery-is-layout-flex\">\n<figure class=\"wp-block-image size-large\"><img loading=\"lazy\" decoding=\"async\" width=\"1000\" height=\"666\" data-id=\"193\" src=\"https:\/\/jaana-creative.com\/wp-content\/uploads\/2023\/04\/DSC_0011-3.jpg\" alt=\"\" class=\"wp-image-193\" srcset=\"https:\/\/jaana-creative.com\/wp-content\/uploads\/2023\/04\/DSC_0011-3.jpg 1000w, https:\/\/jaana-creative.com\/wp-content\/uploads\/2023\/04\/DSC_0011-3-300x200.jpg 300w, https:\/\/jaana-creative.com\/wp-content\/uploads\/2023\/04\/DSC_0011-3-768x511.jpg 768w, https:\/\/jaana-creative.com\/wp-content\/uploads\/2023\/04\/DSC_0011-3-750x500.jpg 750w\" sizes=\"auto, (max-width: 1000px) 100vw, 1000px\" \/><\/figure>\n\n\n\n<figure class=\"wp-block-image size-large\"><img loading=\"lazy\" decoding=\"async\" width=\"1000\" height=\"666\" data-id=\"192\" src=\"https:\/\/jaana-creative.com\/wp-content\/uploads\/2023\/04\/DSC_0017-3.jpg\" alt=\"\" class=\"wp-image-192\" srcset=\"https:\/\/jaana-creative.com\/wp-content\/uploads\/2023\/04\/DSC_0017-3.jpg 1000w, https:\/\/jaana-creative.com\/wp-content\/uploads\/2023\/04\/DSC_0017-3-300x200.jpg 300w, https:\/\/jaana-creative.com\/wp-content\/uploads\/2023\/04\/DSC_0017-3-768x511.jpg 768w, https:\/\/jaana-creative.com\/wp-content\/uploads\/2023\/04\/DSC_0017-3-750x500.jpg 750w\" sizes=\"auto, (max-width: 1000px) 100vw, 1000px\" \/><\/figure>\n\n\n\n<figure class=\"wp-block-image size-large\"><img loading=\"lazy\" decoding=\"async\" width=\"1024\" height=\"573\" data-id=\"194\" src=\"https:\/\/jaana-creative.com\/wp-content\/uploads\/2023\/04\/kursprogramm2013-V2-page1-3-1024x573.jpeg\" alt=\"\" class=\"wp-image-194\" srcset=\"https:\/\/jaana-creative.com\/wp-content\/uploads\/2023\/04\/kursprogramm2013-V2-page1-3-1024x573.jpeg 1024w, https:\/\/jaana-creative.com\/wp-content\/uploads\/2023\/04\/kursprogramm2013-V2-page1-3-300x168.jpeg 300w, https:\/\/jaana-creative.com\/wp-content\/uploads\/2023\/04\/kursprogramm2013-V2-page1-3-768x430.jpeg 768w, https:\/\/jaana-creative.com\/wp-content\/uploads\/2023\/04\/kursprogramm2013-V2-page1-3-750x420.jpeg 750w, https:\/\/jaana-creative.com\/wp-content\/uploads\/2023\/04\/kursprogramm2013-V2-page1-3.jpeg 1094w\" sizes=\"auto, (max-width: 1024px) 100vw, 1024px\" \/><\/figure>\n<\/figure>\n","protected":false},"excerpt":{"rendered":"<p>Mes services de cr\u00e9ation graphiquec s&rsquo;adaptent toujours aux besoins de mes clients. \u00c0 travers les ann\u00e9es j&rsquo;ai cr\u00e9e des mises en pages pour livres, des logos, des supports publicitaires et bien d&rsquo;autres cr\u00e9ations. \u00c0 savoir que je propose des services d&rsquo;illustration aussi. Avec plaisir je ferais un devis gratuit et sans engagement pour votre projet &hellip; <\/p>\n<p class=\"link-more\"><a href=\"https:\/\/jaana-creative.com\/index.php\/fr\/creation-graphique\/\" class=\"more-link\">Lire la suite de<span class=\"screen-reader-text\">\u00ab\u00a0Cr\u00e9ation graphique\u00a0\u00bb<\/span><\/a><\/p>\n","protected":false},"author":1,"featured_media":0,"parent":0,"menu_order":0,"comment_status":"closed","ping_status":"closed","template":"","meta":{"_eb_attr":"","inspiro_hide_title":false,"footnotes":""},"class_list":["post-191","page","type-page","status-publish","hentry"],"featured_media_urls":[],"_links":{"self":[{"href":"https:\/\/jaana-creative.com\/index.php\/wp-json\/wp\/v2\/pages\/191","targetHints":{"allow":["GET"]}}],"collection":[{"href":"https:\/\/jaana-creative.com\/index.php\/wp-json\/wp\/v2\/pages"}],"about":[{"href":"https:\/\/jaana-creative.com\/index.php\/wp-json\/wp\/v2\/types\/page"}],"author":[{"embeddable":true,"href":"https:\/\/jaana-creative.com\/index.php\/wp-json\/wp\/v2\/users\/1"}],"replies":[{"embeddable":true,"href":"https:\/\/jaana-creative.com\/index.php\/wp-json\/wp\/v2\/comments?post=191"}],"version-history":[{"count":1,"href":"https:\/\/jaana-creative.com\/index.php\/wp-json\/wp\/v2\/pages\/191\/revisions"}],"predecessor-version":[{"id":195,"href":"https:\/\/jaana-creative.com\/index.php\/wp-json\/wp\/v2\/pages\/191\/revisions\/195"}],"wp:attachment":[{"href":"https:\/\/jaana-creative.com\/index.php\/wp-json\/wp\/v2\/media?parent=191"}],"curies":[{"name":"wp","href":"https:\/\/api.w.org\/{rel}","templated":true}]}}